 {"id":2340,"date":"2024-06-26T09:08:48","date_gmt":"2024-06-26T09:08:48","guid":{"rendered":"https:\/\/www.circolosubacqueitorino.it\/?page_id=2340"},"modified":"2024-06-26T09:28:21","modified_gmt":"2024-06-26T09:28:21","slug":"allenamento-apnea","status":"publish","type":"page","link":"https:\/\/www.circolosubacqueitorino.it\/?page_id=2340","title":{"rendered":"Allenamento Apnea"},"content":{"rendered":"<div class=\"wp-block-image is-style-rounded\">\n<figure class=\"aligncenter size-full\"><img loading=\"lazy\" decoding=\"async\" width=\"470\" height=\"192\" src=\"https:\/\/www.circolosubacqueitorino.it\/wp-content\/uploads\/2023\/10\/ssilogo-mini-640w.webp\" alt=\"\" class=\"wp-image-2065\" srcset=\"https:\/\/www.circolosubacqueitorino.it\/wp-content\/uploads\/2023\/10\/ssilogo-mini-640w.webp 470w, https:\/\/www.circolosubacqueitorino.it\/wp-content\/uploads\/2023\/10\/ssilogo-mini-640w-300x123.webp 300w\" sizes=\"auto, (max-width: 470px) 100vw, 470px\" \/><\/figure>\n<\/div>\n\n<p><strong>PERCHE\u2019 ALLENARSI:<\/strong><br \/>Per mantenere le condizioni acquisite e non perdere il lavoro fatto precedentemente. Per acquisire il comfort attraverso la ripetizione e per consolidare gli automatismi acquisiti durante i corsi.<\/p>\n<p><strong>IL PROGRAMMA:<\/strong> <br \/>Ogni allenamento \u00e8 studiato ad hoc in base alle abilit\u00e0 del gruppo ed \u00e8 volto a permettere un costante miglioramento personale.<br \/>10 incontri in piscina di 1 ora e mezza composti da mezz\u2019ora di esercizi a secco di stretching muscolare, toracico e diaframmatico, respirazione di rilassamento e training autogeno. Un\u2019ora di allenamento in acqua di apnea statica e dinamica. <br \/>Possibilit\u00e0 di organizzare a parte sessioni di allenamento in mare o Y-40 per lavorare sulla profondit\u00e0 e approfondire le tecniche di compensazione.<\/p>\n<p><strong>DOVE:<\/strong> <br \/>Piscina Monumentale di corso Galileo Ferraris<\/p>\n<p><strong>QUANDO:<\/strong> <br \/>A partire da gioved\u00ec 10 ottobre dalle ore 20:15 alle ore 21:50 (Giorno ancora da definire)<\/p>\n<p><strong>REQUISITI:<\/strong> <br \/>Possedere un brevetto di apnea di 1\u00b0 livello (qualsiasi didattica), un certificato medico per la pratica dell\u2019apnea (preferibilmente agonistico), iscrizione al Circolo CST<\/p>\n<p><strong>COME ISCRIVERSI: <\/strong>presso Punto Sub<\/p>\n<p><strong>SSI ADVANCED INSTRUCTOR:<\/strong> Lazzara Carmelino<\/p>\n<p><strong>NR CANDIDATI MINIMI:<\/strong> 4<\/p>\n<p><strong>CONTATTI: <\/strong>340 48 98 793 &#8211; carmelo.lazzara.apnea@gmail.com<\/p>\n\n\n<div style=\"height:100px\" aria-hidden=\"true\" class=\"wp-block-spacer\"><\/div>\n","protected":false},"excerpt":{"rendered":"<p>PERCHE\u2019 ALLENARSI:Per mantenere le condizioni acquisite e non perdere il lavoro fatto precedentemente. Per acquisire il comfort attraverso la ripetizione e per consolidare gli automatismi acquisiti durante i corsi. IL PROGRAMMA: Ogni allenamento \u00e8 studiato ad hoc in base alle abilit\u00e0 del gruppo ed \u00e8 volto a permettere un costante miglioramento personale.10 incontri in piscina &hellip; <\/p>\n<p class=\"link-more\"><a href=\"https:\/\/www.circolosubacqueitorino.it\/?page_id=2340\" class=\"more-link\">Leggi tutto<span class=\"screen-reader-text\"> &#8220;Allenamento Apnea&#8221;<\/span><\/a><\/p>\n","protected":false},"author":6,"featured_media":0,"parent":309,"menu_order":-4,"comment_status":"closed","ping_status":"closed","template":"","meta":{"footnotes":""},"class_list":["post-2340","page","type-page","status-publish","hentry"],"yoast_head":"<!-- This site is optimized with the Yoast SEO plugin v27.4 - https:\/\/yoast.com\/product\/yoast-seo-wordpress\/ -->\n<title>Corso Apnea Advanced Torino | Apnea Academy<\/title>\n<meta name=\"description\" content=\"Entra sul nostro sito per scoprire di pi\u00f9 sui nostri corsi Advanced di Apnea a Torino presso la piscina monumentale.\" \/>\n<meta name=\"robots\" content=\"index, follow, max-snippet:-1, max-image-preview:large, max-video-preview:-1\" \/>\n<link rel=\"canonical\" href=\"https:\/\/www.circolosubacqueitorino.it\/?page_id=2340\" \/>\n<meta property=\"og:locale\" content=\"it_IT\" \/>\n<meta property=\"og:type\" content=\"article\" \/>\n<meta property=\"og:title\" content=\"Corso Apnea Advanced Torino | Apnea Academy\" \/>\n<meta property=\"og:description\" content=\"Entra sul nostro sito per scoprire di pi\u00f9 sui nostri corsi Advanced di Apnea a Torino presso la piscina monumentale.\" \/>\n<meta property=\"og:url\" content=\"https:\/\/www.circolosubacqueitorino.it\/?page_id=2340\" \/>\n<meta property=\"og:site_name\" content=\"CST\" \/>\n<meta property=\"article:modified_time\" content=\"2024-06-26T09:28:21+00:00\" \/>\n<meta property=\"og:image\" content=\"https:\/\/www.circolosubacqueitorino.it\/wp-content\/uploads\/2023\/10\/ssilogo-mini-640w.webp\" \/>\n<meta name=\"twitter:card\" content=\"summary_large_image\" \/>\n<meta name=\"twitter:label1\" content=\"Tempo di lettura stimato\" \/>\n\t<meta name=\"twitter:data1\" content=\"2 minuti\" \/>\n<script type=\"application\/ld+json\" class=\"yoast-schema-graph\">{\"@context\":\"https:\\\/\\\/schema.org\",\"@graph\":[{\"@type\":\"WebPage\",\"@id\":\"https:\\\/\\\/www.circolosubacqueitorino.it\\\/?page_id=2340\",\"url\":\"https:\\\/\\\/www.circolosubacqueitorino.it\\\/?page_id=2340\",\"name\":\"Corso Apnea Advanced Torino | Apnea Academy\",\"isPartOf\":{\"@id\":\"https:\\\/\\\/www.circolosubacqueitorino.it\\\/#website\"},\"primaryImageOfPage\":{\"@id\":\"https:\\\/\\\/www.circolosubacqueitorino.it\\\/?page_id=2340#primaryimage\"},\"image\":{\"@id\":\"https:\\\/\\\/www.circolosubacqueitorino.it\\\/?page_id=2340#primaryimage\"},\"thumbnailUrl\":\"https:\\\/\\\/www.circolosubacqueitorino.it\\\/wp-content\\\/uploads\\\/2023\\\/10\\\/ssilogo-mini-640w.webp\",\"datePublished\":\"2024-06-26T09:08:48+00:00\",\"dateModified\":\"2024-06-26T09:28:21+00:00\",\"description\":\"Entra sul nostro sito per scoprire di pi\u00f9 sui nostri corsi Advanced di Apnea a Torino presso la piscina monumentale.\",\"breadcrumb\":{\"@id\":\"https:\\\/\\\/www.circolosubacqueitorino.it\\\/?page_id=2340#breadcrumb\"},\"inLanguage\":\"it-IT\",\"potentialAction\":[{\"@type\":\"ReadAction\",\"target\":[\"https:\\\/\\\/www.circolosubacqueitorino.it\\\/?page_id=2340\"]}]},{\"@type\":\"ImageObject\",\"inLanguage\":\"it-IT\",\"@id\":\"https:\\\/\\\/www.circolosubacqueitorino.it\\\/?page_id=2340#primaryimage\",\"url\":\"https:\\\/\\\/www.circolosubacqueitorino.it\\\/wp-content\\\/uploads\\\/2023\\\/10\\\/ssilogo-mini-640w.webp\",\"contentUrl\":\"https:\\\/\\\/www.circolosubacqueitorino.it\\\/wp-content\\\/uploads\\\/2023\\\/10\\\/ssilogo-mini-640w.webp\",\"width\":470,\"height\":192},{\"@type\":\"BreadcrumbList\",\"@id\":\"https:\\\/\\\/www.circolosubacqueitorino.it\\\/?page_id=2340#breadcrumb\",\"itemListElement\":[{\"@type\":\"ListItem\",\"position\":1,\"name\":\"Home\",\"item\":\"https:\\\/\\\/www.circolosubacqueitorino.it\\\/\"},{\"@type\":\"ListItem\",\"position\":2,\"name\":\"Corsi Apnea\",\"item\":\"https:\\\/\\\/www.circolosubacqueitorino.it\\\/?page_id=309\"},{\"@type\":\"ListItem\",\"position\":3,\"name\":\"Allenamento Apnea\"}]},{\"@type\":\"WebSite\",\"@id\":\"https:\\\/\\\/www.circolosubacqueitorino.it\\\/#website\",\"url\":\"https:\\\/\\\/www.circolosubacqueitorino.it\\\/\",\"name\":\"CST\",\"description\":\"SUB TORINO\",\"publisher\":{\"@id\":\"https:\\\/\\\/www.circolosubacqueitorino.it\\\/#organization\"},\"potentialAction\":[{\"@type\":\"SearchAction\",\"target\":{\"@type\":\"EntryPoint\",\"urlTemplate\":\"https:\\\/\\\/www.circolosubacqueitorino.it\\\/?s={search_term_string}\"},\"query-input\":{\"@type\":\"PropertyValueSpecification\",\"valueRequired\":true,\"valueName\":\"search_term_string\"}}],\"inLanguage\":\"it-IT\"},{\"@type\":\"Organization\",\"@id\":\"https:\\\/\\\/www.circolosubacqueitorino.it\\\/#organization\",\"name\":\"Circolo Subacquei Torino\",\"url\":\"https:\\\/\\\/www.circolosubacqueitorino.it\\\/\",\"logo\":{\"@type\":\"ImageObject\",\"inLanguage\":\"it-IT\",\"@id\":\"https:\\\/\\\/www.circolosubacqueitorino.it\\\/#\\\/schema\\\/logo\\\/image\\\/\",\"url\":\"https:\\\/\\\/www.circolosubacqueitorino.it\\\/wp-content\\\/uploads\\\/2022\\\/05\\\/cst.jpg\",\"contentUrl\":\"https:\\\/\\\/www.circolosubacqueitorino.it\\\/wp-content\\\/uploads\\\/2022\\\/05\\\/cst.jpg\",\"width\":150,\"height\":183,\"caption\":\"Circolo Subacquei Torino\"},\"image\":{\"@id\":\"https:\\\/\\\/www.circolosubacqueitorino.it\\\/#\\\/schema\\\/logo\\\/image\\\/\"}}]}<\/script>\n<!-- \/ Yoast SEO plugin. -->","yoast_head_json":{"title":"Corso Apnea Advanced Torino | Apnea Academy","description":"Entra sul nostro sito per scoprire di pi\u00f9 sui nostri corsi Advanced di Apnea a Torino presso la piscina monumentale.","robots":{"index":"index","follow":"follow","max-snippet":"max-snippet:-1","max-image-preview":"max-image-preview:large","max-video-preview":"max-video-preview:-1"},"canonical":"https:\/\/www.circolosubacqueitorino.it\/?page_id=2340","og_locale":"it_IT","og_type":"article","og_title":"Corso Apnea Advanced Torino | Apnea Academy","og_description":"Entra sul nostro sito per scoprire di pi\u00f9 sui nostri corsi Advanced di Apnea a Torino presso la piscina monumentale.","og_url":"https:\/\/www.circolosubacqueitorino.it\/?page_id=2340","og_site_name":"CST","article_modified_time":"2024-06-26T09:28:21+00:00","og_image":[{"url":"https:\/\/www.circolosubacqueitorino.it\/wp-content\/uploads\/2023\/10\/ssilogo-mini-640w.webp","type":"","width":"","height":""}],"twitter_card":"summary_large_image","twitter_misc":{"Tempo di lettura stimato":"2 minuti"},"schema":{"@context":"https:\/\/schema.org","@graph":[{"@type":"WebPage","@id":"https:\/\/www.circolosubacqueitorino.it\/?page_id=2340","url":"https:\/\/www.circolosubacqueitorino.it\/?page_id=2340","name":"Corso Apnea Advanced Torino | Apnea Academy","isPartOf":{"@id":"https:\/\/www.circolosubacqueitorino.it\/#website"},"primaryImageOfPage":{"@id":"https:\/\/www.circolosubacqueitorino.it\/?page_id=2340#primaryimage"},"image":{"@id":"https:\/\/www.circolosubacqueitorino.it\/?page_id=2340#primaryimage"},"thumbnailUrl":"https:\/\/www.circolosubacqueitorino.it\/wp-content\/uploads\/2023\/10\/ssilogo-mini-640w.webp","datePublished":"2024-06-26T09:08:48+00:00","dateModified":"2024-06-26T09:28:21+00:00","description":"Entra sul nostro sito per scoprire di pi\u00f9 sui nostri corsi Advanced di Apnea a Torino presso la piscina monumentale.","breadcrumb":{"@id":"https:\/\/www.circolosubacqueitorino.it\/?page_id=2340#breadcrumb"},"inLanguage":"it-IT","potentialAction":[{"@type":"ReadAction","target":["https:\/\/www.circolosubacqueitorino.it\/?page_id=2340"]}]},{"@type":"ImageObject","inLanguage":"it-IT","@id":"https:\/\/www.circolosubacqueitorino.it\/?page_id=2340#primaryimage","url":"https:\/\/www.circolosubacqueitorino.it\/wp-content\/uploads\/2023\/10\/ssilogo-mini-640w.webp","contentUrl":"https:\/\/www.circolosubacqueitorino.it\/wp-content\/uploads\/2023\/10\/ssilogo-mini-640w.webp","width":470,"height":192},{"@type":"BreadcrumbList","@id":"https:\/\/www.circolosubacqueitorino.it\/?page_id=2340#breadcrumb","itemListElement":[{"@type":"ListItem","position":1,"name":"Home","item":"https:\/\/www.circolosubacqueitorino.it\/"},{"@type":"ListItem","position":2,"name":"Corsi Apnea","item":"https:\/\/www.circolosubacqueitorino.it\/?page_id=309"},{"@type":"ListItem","position":3,"name":"Allenamento Apnea"}]},{"@type":"WebSite","@id":"https:\/\/www.circolosubacqueitorino.it\/#website","url":"https:\/\/www.circolosubacqueitorino.it\/","name":"CST","description":"SUB TORINO","publisher":{"@id":"https:\/\/www.circolosubacqueitorino.it\/#organization"},"potentialAction":[{"@type":"SearchAction","target":{"@type":"EntryPoint","urlTemplate":"https:\/\/www.circolosubacqueitorino.it\/?s={search_term_string}"},"query-input":{"@type":"PropertyValueSpecification","valueRequired":true,"valueName":"search_term_string"}}],"inLanguage":"it-IT"},{"@type":"Organization","@id":"https:\/\/www.circolosubacqueitorino.it\/#organization","name":"Circolo Subacquei Torino","url":"https:\/\/www.circolosubacqueitorino.it\/","logo":{"@type":"ImageObject","inLanguage":"it-IT","@id":"https:\/\/www.circolosubacqueitorino.it\/#\/schema\/logo\/image\/","url":"https:\/\/www.circolosubacqueitorino.it\/wp-content\/uploads\/2022\/05\/cst.jpg","contentUrl":"https:\/\/www.circolosubacqueitorino.it\/wp-content\/uploads\/2022\/05\/cst.jpg","width":150,"height":183,"caption":"Circolo Subacquei Torino"},"image":{"@id":"https:\/\/www.circolosubacqueitorino.it\/#\/schema\/logo\/image\/"}}]}},"_links":{"self":[{"href":"https:\/\/www.circolosubacqueitorino.it\/index.php?rest_route=\/wp\/v2\/pages\/2340","targetHints":{"allow":["GET"]}}],"collection":[{"href":"https:\/\/www.circolosubacqueitorino.it\/index.php?rest_route=\/wp\/v2\/pages"}],"about":[{"href":"https:\/\/www.circolosubacqueitorino.it\/index.php?rest_route=\/wp\/v2\/types\/page"}],"author":[{"embeddable":true,"href":"https:\/\/www.circolosubacqueitorino.it\/index.php?rest_route=\/wp\/v2\/users\/6"}],"replies":[{"embeddable":true,"href":"https:\/\/www.circolosubacqueitorino.it\/index.php?rest_route=%2Fwp%2Fv2%2Fcomments&post=2340"}],"version-history":[{"count":3,"href":"https:\/\/www.circolosubacqueitorino.it\/index.php?rest_route=\/wp\/v2\/pages\/2340\/revisions"}],"predecessor-version":[{"id":2347,"href":"https:\/\/www.circolosubacqueitorino.it\/index.php?rest_route=\/wp\/v2\/pages\/2340\/revisions\/2347"}],"up":[{"embeddable":true,"href":"https:\/\/www.circolosubacqueitorino.it\/index.php?rest_route=\/wp\/v2\/pages\/309"}],"wp:attachment":[{"href":"https:\/\/www.circolosubacqueitorino.it\/index.php?rest_route=%2Fwp%2Fv2%2Fmedia&parent=2340"}],"curies":[{"name":"wp","href":"https:\/\/api.w.org\/{rel}","templated":true}]}}