 {"id":2338,"date":"2024-06-26T09:04:36","date_gmt":"2024-06-26T09:04:36","guid":{"rendered":"https:\/\/www.circolosubacqueitorino.it\/?page_id=2338"},"modified":"2024-06-26T09:04:36","modified_gmt":"2024-06-26T09:04:36","slug":"corso-advanced-freediver","status":"publish","type":"page","link":"https:\/\/www.circolosubacqueitorino.it\/?page_id=2338","title":{"rendered":"Corso Advanced Freediver"},"content":{"rendered":"<div class=\"wp-block-image is-style-rounded\">\n<figure class=\"aligncenter size-full\"><img loading=\"lazy\" decoding=\"async\" width=\"470\" height=\"192\" src=\"https:\/\/www.circolosubacqueitorino.it\/wp-content\/uploads\/2023\/10\/ssilogo-mini-640w.webp\" alt=\"\" class=\"wp-image-2065\" srcset=\"https:\/\/www.circolosubacqueitorino.it\/wp-content\/uploads\/2023\/10\/ssilogo-mini-640w.webp 470w, https:\/\/www.circolosubacqueitorino.it\/wp-content\/uploads\/2023\/10\/ssilogo-mini-640w-300x123.webp 300w\" sizes=\"auto, (max-width: 470px) 100vw, 470px\" \/><\/figure>\n<\/div>\n\n<p><strong>CORSO ADVANCED FREEDIVER:<\/strong> <br \/>Sei in possesso di un brevetto di primo livello e vuoi portare le tue conoscenze teoriche e abilit\u00e0 di freediver ad un livello superiore? Non ti bastano le profondit\u00e0 raggiunte nel livello iniziale e vuoi raggiungere i 30 mt di profondit\u00e0 in confort e sicurezza? Con questo corso potrai avanzare di livello aumentando le tue distanze e le tue profondit\u00e0. Il percorso prevede 10 lezioni teorico pratiche composte da un&#8217;ora in aula ed un&#8217;ora in acqua confinata (piscina). Al termine del percorso indoor, si far\u00e0 pratica al mare\/Y-40 (i costi di trasferta ed ingressi in Y-40 sono a carico del candidato).<\/p>\n<p><strong>COSA IMPARERAI:<\/strong> <br \/>Imparerai a scegliere le attrezzature pi\u00f9 adeguate e performanti, a sviluppare le tecniche di allenamento, a familiarizzare con la profondit\u00e0. Apprenderai le tecniche pi\u00f9 avanzate di compensazione. Imparerai a gestire al meglio una PCM ed un BLACK OUT e tanto altro.<\/p>\n<p><strong>REQUISITI ADVANCED FREEDIVER:<\/strong> <br \/>Avere almeno 15 anni, essere in possesso di un brevetto freediver o primo livello di qualsiasi didattica riconosciuta da SSI, avere un certificato medico per attivit\u00e0 subacquea non agonistica (ECG a riposo) o agonistica (ECG sotto sforzo, consigliato), iscrizione al Circolo CST.<\/p>\n\n\n<div style=\"height:100px\" aria-hidden=\"true\" class=\"wp-block-spacer\"><\/div>\n","protected":false},"excerpt":{"rendered":"<p>CORSO ADVANCED FREEDIVER: Sei in possesso di un brevetto di primo livello e vuoi portare le tue conoscenze teoriche e abilit\u00e0 di freediver ad un livello superiore? Non ti bastano le profondit\u00e0 raggiunte nel livello iniziale e vuoi raggiungere i 30 mt di profondit\u00e0 in confort e sicurezza? Con questo corso potrai avanzare di livello &hellip; <\/p>\n<p class=\"link-more\"><a href=\"https:\/\/www.circolosubacqueitorino.it\/?page_id=2338\" class=\"more-link\">Leggi tutto<span class=\"screen-reader-text\"> &#8220;Corso Advanced Freediver&#8221;<\/span><\/a><\/p>\n","protected":false},"author":6,"featured_media":0,"parent":309,"menu_order":-4,"comment_status":"closed","ping_status":"closed","template":"","meta":{"footnotes":""},"class_list":["post-2338","page","type-page","status-publish","hentry"],"yoast_head":"<!-- This site is optimized with the Yoast SEO plugin v27.5 - https:\/\/yoast.com\/product\/yoast-seo-wordpress\/ -->\n<title>Corso Apnea Advanced Torino | Apnea Academy<\/title>\n<meta name=\"description\" content=\"Entra sul nostro sito per scoprire di pi\u00f9 sui nostri corsi Advanced di Apnea a Torino presso la piscina monumentale.\" \/>\n<meta name=\"robots\" content=\"index, follow, max-snippet:-1, max-image-preview:large, max-video-preview:-1\" \/>\n<link rel=\"canonical\" href=\"https:\/\/www.circolosubacqueitorino.it\/?page_id=2338\" \/>\n<meta property=\"og:locale\" content=\"it_IT\" \/>\n<meta property=\"og:type\" content=\"article\" \/>\n<meta property=\"og:title\" content=\"Corso Apnea Advanced Torino | Apnea Academy\" \/>\n<meta property=\"og:description\" content=\"Entra sul nostro sito per scoprire di pi\u00f9 sui nostri corsi Advanced di Apnea a Torino presso la piscina monumentale.\" \/>\n<meta property=\"og:url\" content=\"https:\/\/www.circolosubacqueitorino.it\/?page_id=2338\" \/>\n<meta property=\"og:site_name\" content=\"CST\" \/>\n<meta property=\"og:image\" content=\"https:\/\/www.circolosubacqueitorino.it\/wp-content\/uploads\/2023\/10\/ssilogo-mini-640w.webp\" \/>\n<meta name=\"twitter:card\" content=\"summary_large_image\" \/>\n<meta name=\"twitter:label1\" content=\"Tempo di lettura stimato\" \/>\n\t<meta name=\"twitter:data1\" content=\"2 minuti\" \/>\n<script type=\"application\/ld+json\" class=\"yoast-schema-graph\">{\"@context\":\"https:\\\/\\\/schema.org\",\"@graph\":[{\"@type\":\"WebPage\",\"@id\":\"https:\\\/\\\/www.circolosubacqueitorino.it\\\/?page_id=2338\",\"url\":\"https:\\\/\\\/www.circolosubacqueitorino.it\\\/?page_id=2338\",\"name\":\"Corso Apnea Advanced Torino | Apnea Academy\",\"isPartOf\":{\"@id\":\"https:\\\/\\\/www.circolosubacqueitorino.it\\\/#website\"},\"primaryImageOfPage\":{\"@id\":\"https:\\\/\\\/www.circolosubacqueitorino.it\\\/?page_id=2338#primaryimage\"},\"image\":{\"@id\":\"https:\\\/\\\/www.circolosubacqueitorino.it\\\/?page_id=2338#primaryimage\"},\"thumbnailUrl\":\"https:\\\/\\\/www.circolosubacqueitorino.it\\\/wp-content\\\/uploads\\\/2023\\\/10\\\/ssilogo-mini-640w.webp\",\"datePublished\":\"2024-06-26T09:04:36+00:00\",\"description\":\"Entra sul nostro sito per scoprire di pi\u00f9 sui nostri corsi Advanced di Apnea a Torino presso la piscina monumentale.\",\"breadcrumb\":{\"@id\":\"https:\\\/\\\/www.circolosubacqueitorino.it\\\/?page_id=2338#breadcrumb\"},\"inLanguage\":\"it-IT\",\"potentialAction\":[{\"@type\":\"ReadAction\",\"target\":[\"https:\\\/\\\/www.circolosubacqueitorino.it\\\/?page_id=2338\"]}]},{\"@type\":\"ImageObject\",\"inLanguage\":\"it-IT\",\"@id\":\"https:\\\/\\\/www.circolosubacqueitorino.it\\\/?page_id=2338#primaryimage\",\"url\":\"https:\\\/\\\/www.circolosubacqueitorino.it\\\/wp-content\\\/uploads\\\/2023\\\/10\\\/ssilogo-mini-640w.webp\",\"contentUrl\":\"https:\\\/\\\/www.circolosubacqueitorino.it\\\/wp-content\\\/uploads\\\/2023\\\/10\\\/ssilogo-mini-640w.webp\",\"width\":470,\"height\":192},{\"@type\":\"BreadcrumbList\",\"@id\":\"https:\\\/\\\/www.circolosubacqueitorino.it\\\/?page_id=2338#breadcrumb\",\"itemListElement\":[{\"@type\":\"ListItem\",\"position\":1,\"name\":\"Home\",\"item\":\"https:\\\/\\\/www.circolosubacqueitorino.it\\\/\"},{\"@type\":\"ListItem\",\"position\":2,\"name\":\"Corsi Apnea\",\"item\":\"https:\\\/\\\/www.circolosubacqueitorino.it\\\/?page_id=309\"},{\"@type\":\"ListItem\",\"position\":3,\"name\":\"Corso Advanced Freediver\"}]},{\"@type\":\"WebSite\",\"@id\":\"https:\\\/\\\/www.circolosubacqueitorino.it\\\/#website\",\"url\":\"https:\\\/\\\/www.circolosubacqueitorino.it\\\/\",\"name\":\"CST\",\"description\":\"SUB TORINO\",\"publisher\":{\"@id\":\"https:\\\/\\\/www.circolosubacqueitorino.it\\\/#organization\"},\"potentialAction\":[{\"@type\":\"SearchAction\",\"target\":{\"@type\":\"EntryPoint\",\"urlTemplate\":\"https:\\\/\\\/www.circolosubacqueitorino.it\\\/?s={search_term_string}\"},\"query-input\":{\"@type\":\"PropertyValueSpecification\",\"valueRequired\":true,\"valueName\":\"search_term_string\"}}],\"inLanguage\":\"it-IT\"},{\"@type\":\"Organization\",\"@id\":\"https:\\\/\\\/www.circolosubacqueitorino.it\\\/#organization\",\"name\":\"Circolo Subacquei Torino\",\"url\":\"https:\\\/\\\/www.circolosubacqueitorino.it\\\/\",\"logo\":{\"@type\":\"ImageObject\",\"inLanguage\":\"it-IT\",\"@id\":\"https:\\\/\\\/www.circolosubacqueitorino.it\\\/#\\\/schema\\\/logo\\\/image\\\/\",\"url\":\"https:\\\/\\\/www.circolosubacqueitorino.it\\\/wp-content\\\/uploads\\\/2022\\\/05\\\/cst.jpg\",\"contentUrl\":\"https:\\\/\\\/www.circolosubacqueitorino.it\\\/wp-content\\\/uploads\\\/2022\\\/05\\\/cst.jpg\",\"width\":150,\"height\":183,\"caption\":\"Circolo Subacquei Torino\"},\"image\":{\"@id\":\"https:\\\/\\\/www.circolosubacqueitorino.it\\\/#\\\/schema\\\/logo\\\/image\\\/\"}}]}<\/script>\n<!-- \/ Yoast SEO plugin. -->","yoast_head_json":{"title":"Corso Apnea Advanced Torino | Apnea Academy","description":"Entra sul nostro sito per scoprire di pi\u00f9 sui nostri corsi Advanced di Apnea a Torino presso la piscina monumentale.","robots":{"index":"index","follow":"follow","max-snippet":"max-snippet:-1","max-image-preview":"max-image-preview:large","max-video-preview":"max-video-preview:-1"},"canonical":"https:\/\/www.circolosubacqueitorino.it\/?page_id=2338","og_locale":"it_IT","og_type":"article","og_title":"Corso Apnea Advanced Torino | Apnea Academy","og_description":"Entra sul nostro sito per scoprire di pi\u00f9 sui nostri corsi Advanced di Apnea a Torino presso la piscina monumentale.","og_url":"https:\/\/www.circolosubacqueitorino.it\/?page_id=2338","og_site_name":"CST","og_image":[{"url":"https:\/\/www.circolosubacqueitorino.it\/wp-content\/uploads\/2023\/10\/ssilogo-mini-640w.webp","type":"","width":"","height":""}],"twitter_card":"summary_large_image","twitter_misc":{"Tempo di lettura stimato":"2 minuti"},"schema":{"@context":"https:\/\/schema.org","@graph":[{"@type":"WebPage","@id":"https:\/\/www.circolosubacqueitorino.it\/?page_id=2338","url":"https:\/\/www.circolosubacqueitorino.it\/?page_id=2338","name":"Corso Apnea Advanced Torino | Apnea Academy","isPartOf":{"@id":"https:\/\/www.circolosubacqueitorino.it\/#website"},"primaryImageOfPage":{"@id":"https:\/\/www.circolosubacqueitorino.it\/?page_id=2338#primaryimage"},"image":{"@id":"https:\/\/www.circolosubacqueitorino.it\/?page_id=2338#primaryimage"},"thumbnailUrl":"https:\/\/www.circolosubacqueitorino.it\/wp-content\/uploads\/2023\/10\/ssilogo-mini-640w.webp","datePublished":"2024-06-26T09:04:36+00:00","description":"Entra sul nostro sito per scoprire di pi\u00f9 sui nostri corsi Advanced di Apnea a Torino presso la piscina monumentale.","breadcrumb":{"@id":"https:\/\/www.circolosubacqueitorino.it\/?page_id=2338#breadcrumb"},"inLanguage":"it-IT","potentialAction":[{"@type":"ReadAction","target":["https:\/\/www.circolosubacqueitorino.it\/?page_id=2338"]}]},{"@type":"ImageObject","inLanguage":"it-IT","@id":"https:\/\/www.circolosubacqueitorino.it\/?page_id=2338#primaryimage","url":"https:\/\/www.circolosubacqueitorino.it\/wp-content\/uploads\/2023\/10\/ssilogo-mini-640w.webp","contentUrl":"https:\/\/www.circolosubacqueitorino.it\/wp-content\/uploads\/2023\/10\/ssilogo-mini-640w.webp","width":470,"height":192},{"@type":"BreadcrumbList","@id":"https:\/\/www.circolosubacqueitorino.it\/?page_id=2338#breadcrumb","itemListElement":[{"@type":"ListItem","position":1,"name":"Home","item":"https:\/\/www.circolosubacqueitorino.it\/"},{"@type":"ListItem","position":2,"name":"Corsi Apnea","item":"https:\/\/www.circolosubacqueitorino.it\/?page_id=309"},{"@type":"ListItem","position":3,"name":"Corso Advanced Freediver"}]},{"@type":"WebSite","@id":"https:\/\/www.circolosubacqueitorino.it\/#website","url":"https:\/\/www.circolosubacqueitorino.it\/","name":"CST","description":"SUB TORINO","publisher":{"@id":"https:\/\/www.circolosubacqueitorino.it\/#organization"},"potentialAction":[{"@type":"SearchAction","target":{"@type":"EntryPoint","urlTemplate":"https:\/\/www.circolosubacqueitorino.it\/?s={search_term_string}"},"query-input":{"@type":"PropertyValueSpecification","valueRequired":true,"valueName":"search_term_string"}}],"inLanguage":"it-IT"},{"@type":"Organization","@id":"https:\/\/www.circolosubacqueitorino.it\/#organization","name":"Circolo Subacquei Torino","url":"https:\/\/www.circolosubacqueitorino.it\/","logo":{"@type":"ImageObject","inLanguage":"it-IT","@id":"https:\/\/www.circolosubacqueitorino.it\/#\/schema\/logo\/image\/","url":"https:\/\/www.circolosubacqueitorino.it\/wp-content\/uploads\/2022\/05\/cst.jpg","contentUrl":"https:\/\/www.circolosubacqueitorino.it\/wp-content\/uploads\/2022\/05\/cst.jpg","width":150,"height":183,"caption":"Circolo Subacquei Torino"},"image":{"@id":"https:\/\/www.circolosubacqueitorino.it\/#\/schema\/logo\/image\/"}}]}},"_links":{"self":[{"href":"https:\/\/www.circolosubacqueitorino.it\/index.php?rest_route=\/wp\/v2\/pages\/2338","targetHints":{"allow":["GET"]}}],"collection":[{"href":"https:\/\/www.circolosubacqueitorino.it\/index.php?rest_route=\/wp\/v2\/pages"}],"about":[{"href":"https:\/\/www.circolosubacqueitorino.it\/index.php?rest_route=\/wp\/v2\/types\/page"}],"author":[{"embeddable":true,"href":"https:\/\/www.circolosubacqueitorino.it\/index.php?rest_route=\/wp\/v2\/users\/6"}],"replies":[{"embeddable":true,"href":"https:\/\/www.circolosubacqueitorino.it\/index.php?rest_route=%2Fwp%2Fv2%2Fcomments&post=2338"}],"version-history":[{"count":1,"href":"https:\/\/www.circolosubacqueitorino.it\/index.php?rest_route=\/wp\/v2\/pages\/2338\/revisions"}],"predecessor-version":[{"id":2339,"href":"https:\/\/www.circolosubacqueitorino.it\/index.php?rest_route=\/wp\/v2\/pages\/2338\/revisions\/2339"}],"up":[{"embeddable":true,"href":"https:\/\/www.circolosubacqueitorino.it\/index.php?rest_route=\/wp\/v2\/pages\/309"}],"wp:attachment":[{"href":"https:\/\/www.circolosubacqueitorino.it\/index.php?rest_route=%2Fwp%2Fv2%2Fmedia&parent=2338"}],"curies":[{"name":"wp","href":"https:\/\/api.w.org\/{rel}","templated":true}]}}