 {"id":1770,"date":"2022-05-19T11:54:12","date_gmt":"2022-05-19T11:54:12","guid":{"rendered":"https:\/\/www.circolosubacqueitorino.it\/?page_id=1770"},"modified":"2024-06-26T09:40:49","modified_gmt":"2024-06-26T09:40:49","slug":"ssi","status":"publish","type":"page","link":"https:\/\/www.circolosubacqueitorino.it\/?page_id=1770","title":{"rendered":"SSI"},"content":{"rendered":"<h1 style=\"text-align: center;\">A proposito di SSI<\/h1>\n<p style=\"text-align: left;\">Scuba Schools International (SSI) \u00e8 stata fondata nel 1970 con l&#8217;obiettivo di rendere possibile a chiunque di imparare a immergersi in sicurezza. Oggi SSI \u00e8 la pi\u00f9 grande agenzia di formazione professionale al mondo, con oltre 3.500 centri di formazione e pi\u00f9 di 100.000 professionisti SSI in oltre 150 paesi.<\/p>\n<p style=\"text-align: left;\">Da oltre 50 anni, SSI fornisce programmi e materiali di addestramento di alta qualit\u00e0 per i programmi Recreational Scuba, Extended Range, Freediving, Mermaid, Swim e Lifeguard, dal livello principiante a quello di Instructor Trainer. Con materiali digitali e stampati disponibili in pi\u00f9 di 40 lingue in oltre 3.000 centri di formazione e resort internazionali SSI, SSI permette alle persone di sperimentare il mondo subacqueo in tutto il mondo.<\/p>\n<h1 style=\"text-align: center;\">Riconoscimento internazionale<\/h1>\n<p style=\"text-align: left;\">SSI rispecchia il settore, \u00e8 membro fondatore dell\u2019RSTC (Recreational Scuba Training Council) e possiede la certificazione ISO (International Organization for Standardization), riconosciuta a livello internazionale, svolgendo un ruolo attivo nella definizione degli standard minimi di addestramento del settore.<\/p>\n<p style=\"text-align: left;\">In poche parole, le certificazioni SSI sono ben accette in tutto il mondo, ovunque si scelga di immergersi: SSI \u00e8 chiaramente un nome di cui ci si pu\u00f2 fidare.<\/p>\n\n\n<figure class=\"wp-block-image alignwide size-full\"><img loading=\"lazy\" decoding=\"async\" width=\"729\" height=\"1024\" src=\"https:\/\/www.circolosubacqueitorino.it\/wp-content\/uploads\/2022\/07\/Progetto-senza-titolo-14.png\" alt=\"\" class=\"wp-image-1957\" srcset=\"https:\/\/www.circolosubacqueitorino.it\/wp-content\/uploads\/2022\/07\/Progetto-senza-titolo-14.png 729w, https:\/\/www.circolosubacqueitorino.it\/wp-content\/uploads\/2022\/07\/Progetto-senza-titolo-14-214x300.png 214w\" sizes=\"auto, (max-width: 729px) 100vw, 729px\" \/><\/figure>\n\n\n\n<p class=\"has-text-align-center\">Per una didattica pi\u00f9 interattiva!! scaricando l&#8217;app\u00a0MySSI\u00a0puoi seguire tutto il tuo percorso nella tua area riservata, prepararti e scoprire il tuo corso\u00a0gi\u00e0&#8217; da subito dopo l&#8217;iscrizione. Per qualsiasi necessit\u00e0 sarai sempre in contatto con il tuo istruttore.\u00a0<\/p>\n\n\n\n<hr class=\"wp-block-separator has-text-color has-black-color has-css-opacity has-black-background-color has-background is-style-wide\"\/>\n\n\n\n<div style=\"height:100px\" aria-hidden=\"true\" class=\"wp-block-spacer\"><\/div>\n\n\n<div class=\"wpforms-container wpforms-container-full wpforms-block wpforms-block-57fb36fb-d7a3-430c-af8a-5dfefab6aa8c\" id=\"wpforms-2030\"><form id=\"wpforms-form-2030\" class=\"wpforms-validate wpforms-form wpforms-ajax-form\" data-formid=\"2030\" method=\"post\" enctype=\"multipart\/form-data\" action=\"\/index.php?rest_route=%2Fwp%2Fv2%2Fpages%2F1770\" data-token=\"39e89a4dd7da880361508c61c7673670\" data-token-time=\"1777816641\"><noscript class=\"wpforms-error-noscript\">Abilita JavaScript nel browser per completare questo modulo.<\/noscript><div class=\"wpforms-field-container\"><div id=\"wpforms-2030-field_0-container\" class=\"wpforms-field wpforms-field-name\" data-field-id=\"0\"><label class=\"wpforms-field-label\">Nome <span class=\"wpforms-required-label\">*<\/span><\/label><div class=\"wpforms-field-row wpforms-field-medium\"><div class=\"wpforms-field-row-block wpforms-first wpforms-one-half\"><input type=\"text\" id=\"wpforms-2030-field_0\" class=\"wpforms-field-name-first wpforms-field-required\" name=\"wpforms[fields][0][first]\" required><label for=\"wpforms-2030-field_0\" class=\"wpforms-field-sublabel after\">Nome<\/label><\/div><div class=\"wpforms-field-row-block wpforms-one-half\"><input type=\"text\" id=\"wpforms-2030-field_0-last\" class=\"wpforms-field-name-last wpforms-field-required\" name=\"wpforms[fields][0][last]\" required><label for=\"wpforms-2030-field_0-last\" class=\"wpforms-field-sublabel after\">Cognome<\/label><\/div><\/div><\/div><div id=\"wpforms-2030-field_1-container\" class=\"wpforms-field wpforms-field-email\" data-field-id=\"1\"><label class=\"wpforms-field-label\" for=\"wpforms-2030-field_1\">Email <span class=\"wpforms-required-label\">*<\/span><\/label><input type=\"email\" id=\"wpforms-2030-field_1\" class=\"wpforms-field-medium wpforms-field-required\" name=\"wpforms[fields][1]\" spellcheck=\"false\" required><\/div><div id=\"wpforms-2030-field_3-container\" class=\"wpforms-field wpforms-field-select wpforms-field-select-style-classic\" data-field-id=\"3\"><label class=\"wpforms-field-label\" for=\"wpforms-2030-field_3\">Menu a tendina <span class=\"wpforms-required-label\">*<\/span><\/label><select id=\"wpforms-2030-field_3\" class=\"wpforms-field-medium wpforms-field-required\" name=\"wpforms[fields][3]\" required=\"required\"><option value=\"Apnea\"  class=\"choice-1 depth-1\"  >Apnea<\/option><option value=\"Subacquea\"  class=\"choice-2 depth-1\"  >Subacquea<\/option><\/select><\/div><div id=\"wpforms-2030-field_2-container\" class=\"wpforms-field wpforms-field-textarea\" data-field-id=\"2\"><label class=\"wpforms-field-label\" for=\"wpforms-2030-field_2\">Messaggio <span class=\"wpforms-required-label\">*<\/span><\/label><textarea id=\"wpforms-2030-field_2\" class=\"wpforms-field-medium wpforms-field-required\" name=\"wpforms[fields][2]\" required><\/textarea><\/div><\/div><!-- .wpforms-field-container --><div class=\"wpforms-recaptcha-container wpforms-is-recaptcha wpforms-is-recaptcha-type-v2\" ><div class=\"g-recaptcha\" data-sitekey=\"6Lf93iUlAAAAACsLvINqhptEUlgZp9bSvUd-16eD\"><\/div><input type=\"text\" name=\"g-recaptcha-hidden\" class=\"wpforms-recaptcha-hidden\" style=\"position:absolute!important;clip:rect(0,0,0,0)!important;height:1px!important;width:1px!important;border:0!important;overflow:hidden!important;padding:0!important;margin:0!important;\" data-rule-recaptcha=\"1\"><\/div><div class=\"wpforms-submit-container\" ><input type=\"hidden\" name=\"wpforms[id]\" value=\"2030\"><input type=\"hidden\" name=\"page_title\" value=\"\"><input type=\"hidden\" name=\"page_url\" value=\"https:\/\/www.circolosubacqueitorino.it\/index.php?rest_route=\/wp\/v2\/pages\/1770\"><input type=\"hidden\" name=\"url_referer\" value=\"\"><button type=\"submit\" name=\"wpforms[submit]\" id=\"wpforms-submit-2030\" class=\"wpforms-submit\" data-alt-text=\"Invio in corso...\" data-submit-text=\"Invia\" aria-live=\"assertive\" value=\"wpforms-submit\">Invia<\/button><img loading=\"lazy\" decoding=\"async\" src=\"https:\/\/www.circolosubacqueitorino.it\/wp-content\/plugins\/wpforms-lite\/assets\/images\/submit-spin.svg\" class=\"wpforms-submit-spinner\" style=\"display: none;\" width=\"26\" height=\"26\" alt=\"Caricamento\"><\/div><\/form><\/div>  <!-- .wpforms-container -->","protected":false},"excerpt":{"rendered":"<p>A proposito di SSI Scuba Schools International (SSI) \u00e8 stata fondata nel 1970 con l&#8217;obiettivo di rendere possibile a chiunque di imparare a immergersi in sicurezza. Oggi SSI \u00e8 la pi\u00f9 grande agenzia di formazione professionale al mondo, con oltre 3.500 centri di formazione e pi\u00f9 di 100.000 professionisti SSI in oltre 150 paesi. Da &hellip; <\/p>\n<p class=\"link-more\"><a href=\"https:\/\/www.circolosubacqueitorino.it\/?page_id=1770\" class=\"more-link\">Leggi tutto<span class=\"screen-reader-text\"> &#8220;SSI&#8221;<\/span><\/a><\/p>\n","protected":false},"author":1,"featured_media":0,"parent":0,"menu_order":0,"comment_status":"closed","ping_status":"closed","template":"","meta":{"footnotes":""},"class_list":["post-1770","page","type-page","status-publish","hentry"],"yoast_head":"<!-- This site is optimized with the Yoast SEO plugin v27.5 - https:\/\/yoast.com\/product\/yoast-seo-wordpress\/ -->\n<title>Corsi Sub SSI | Torino<\/title>\n<meta name=\"description\" content=\"Corsi Sub SSI a Torino, contattaci per una prova gratuita! I corsi si svolgeranno alla Piscina monumentale di Torino\" \/>\n<meta name=\"robots\" content=\"index, follow, max-snippet:-1, max-image-preview:large, max-video-preview:-1\" \/>\n<link rel=\"canonical\" href=\"https:\/\/www.circolosubacqueitorino.it\/?page_id=1770\" \/>\n<meta property=\"og:locale\" content=\"it_IT\" \/>\n<meta property=\"og:type\" content=\"article\" \/>\n<meta property=\"og:title\" content=\"Corsi Sub SSI | Torino\" \/>\n<meta property=\"og:description\" content=\"Corsi Sub SSI a Torino, contattaci per una prova gratuita! I corsi si svolgeranno alla Piscina monumentale di Torino\" \/>\n<meta property=\"og:url\" content=\"https:\/\/www.circolosubacqueitorino.it\/?page_id=1770\" \/>\n<meta property=\"og:site_name\" content=\"CST\" \/>\n<meta property=\"article:modified_time\" content=\"2024-06-26T09:40:49+00:00\" \/>\n<meta property=\"og:image\" content=\"https:\/\/www.circolosubacqueitorino.it\/wp-content\/uploads\/2022\/07\/Progetto-senza-titolo-14.png\" \/>\n<meta name=\"twitter:card\" content=\"summary_large_image\" \/>\n<meta name=\"twitter:label1\" content=\"Tempo di lettura stimato\" \/>\n\t<meta name=\"twitter:data1\" content=\"2 minuti\" \/>\n<script type=\"application\/ld+json\" class=\"yoast-schema-graph\">{\"@context\":\"https:\\\/\\\/schema.org\",\"@graph\":[{\"@type\":\"WebPage\",\"@id\":\"https:\\\/\\\/www.circolosubacqueitorino.it\\\/?page_id=1770\",\"url\":\"https:\\\/\\\/www.circolosubacqueitorino.it\\\/?page_id=1770\",\"name\":\"Corsi Sub SSI | Torino\",\"isPartOf\":{\"@id\":\"https:\\\/\\\/www.circolosubacqueitorino.it\\\/#website\"},\"primaryImageOfPage\":{\"@id\":\"https:\\\/\\\/www.circolosubacqueitorino.it\\\/?page_id=1770#primaryimage\"},\"image\":{\"@id\":\"https:\\\/\\\/www.circolosubacqueitorino.it\\\/?page_id=1770#primaryimage\"},\"thumbnailUrl\":\"https:\\\/\\\/www.circolosubacqueitorino.it\\\/wp-content\\\/uploads\\\/2022\\\/07\\\/Progetto-senza-titolo-14.png\",\"datePublished\":\"2022-05-19T11:54:12+00:00\",\"dateModified\":\"2024-06-26T09:40:49+00:00\",\"description\":\"Corsi Sub SSI a Torino, contattaci per una prova gratuita! I corsi si svolgeranno alla Piscina monumentale di Torino\",\"breadcrumb\":{\"@id\":\"https:\\\/\\\/www.circolosubacqueitorino.it\\\/?page_id=1770#breadcrumb\"},\"inLanguage\":\"it-IT\",\"potentialAction\":[{\"@type\":\"ReadAction\",\"target\":[\"https:\\\/\\\/www.circolosubacqueitorino.it\\\/?page_id=1770\"]}]},{\"@type\":\"ImageObject\",\"inLanguage\":\"it-IT\",\"@id\":\"https:\\\/\\\/www.circolosubacqueitorino.it\\\/?page_id=1770#primaryimage\",\"url\":\"https:\\\/\\\/www.circolosubacqueitorino.it\\\/wp-content\\\/uploads\\\/2022\\\/07\\\/Progetto-senza-titolo-14.png\",\"contentUrl\":\"https:\\\/\\\/www.circolosubacqueitorino.it\\\/wp-content\\\/uploads\\\/2022\\\/07\\\/Progetto-senza-titolo-14.png\",\"width\":729,\"height\":1024},{\"@type\":\"BreadcrumbList\",\"@id\":\"https:\\\/\\\/www.circolosubacqueitorino.it\\\/?page_id=1770#breadcrumb\",\"itemListElement\":[{\"@type\":\"ListItem\",\"position\":1,\"name\":\"Home\",\"item\":\"https:\\\/\\\/www.circolosubacqueitorino.it\\\/\"},{\"@type\":\"ListItem\",\"position\":2,\"name\":\"SSI\"}]},{\"@type\":\"WebSite\",\"@id\":\"https:\\\/\\\/www.circolosubacqueitorino.it\\\/#website\",\"url\":\"https:\\\/\\\/www.circolosubacqueitorino.it\\\/\",\"name\":\"CST\",\"description\":\"SUB TORINO\",\"publisher\":{\"@id\":\"https:\\\/\\\/www.circolosubacqueitorino.it\\\/#organization\"},\"potentialAction\":[{\"@type\":\"SearchAction\",\"target\":{\"@type\":\"EntryPoint\",\"urlTemplate\":\"https:\\\/\\\/www.circolosubacqueitorino.it\\\/?s={search_term_string}\"},\"query-input\":{\"@type\":\"PropertyValueSpecification\",\"valueRequired\":true,\"valueName\":\"search_term_string\"}}],\"inLanguage\":\"it-IT\"},{\"@type\":\"Organization\",\"@id\":\"https:\\\/\\\/www.circolosubacqueitorino.it\\\/#organization\",\"name\":\"Circolo Subacquei Torino\",\"url\":\"https:\\\/\\\/www.circolosubacqueitorino.it\\\/\",\"logo\":{\"@type\":\"ImageObject\",\"inLanguage\":\"it-IT\",\"@id\":\"https:\\\/\\\/www.circolosubacqueitorino.it\\\/#\\\/schema\\\/logo\\\/image\\\/\",\"url\":\"https:\\\/\\\/www.circolosubacqueitorino.it\\\/wp-content\\\/uploads\\\/2022\\\/05\\\/cst.jpg\",\"contentUrl\":\"https:\\\/\\\/www.circolosubacqueitorino.it\\\/wp-content\\\/uploads\\\/2022\\\/05\\\/cst.jpg\",\"width\":150,\"height\":183,\"caption\":\"Circolo Subacquei Torino\"},\"image\":{\"@id\":\"https:\\\/\\\/www.circolosubacqueitorino.it\\\/#\\\/schema\\\/logo\\\/image\\\/\"}}]}<\/script>\n<!-- \/ Yoast SEO plugin. -->","yoast_head_json":{"title":"Corsi Sub SSI | Torino","description":"Corsi Sub SSI a Torino, contattaci per una prova gratuita! I corsi si svolgeranno alla Piscina monumentale di Torino","robots":{"index":"index","follow":"follow","max-snippet":"max-snippet:-1","max-image-preview":"max-image-preview:large","max-video-preview":"max-video-preview:-1"},"canonical":"https:\/\/www.circolosubacqueitorino.it\/?page_id=1770","og_locale":"it_IT","og_type":"article","og_title":"Corsi Sub SSI | Torino","og_description":"Corsi Sub SSI a Torino, contattaci per una prova gratuita! I corsi si svolgeranno alla Piscina monumentale di Torino","og_url":"https:\/\/www.circolosubacqueitorino.it\/?page_id=1770","og_site_name":"CST","article_modified_time":"2024-06-26T09:40:49+00:00","og_image":[{"url":"https:\/\/www.circolosubacqueitorino.it\/wp-content\/uploads\/2022\/07\/Progetto-senza-titolo-14.png","type":"","width":"","height":""}],"twitter_card":"summary_large_image","twitter_misc":{"Tempo di lettura stimato":"2 minuti"},"schema":{"@context":"https:\/\/schema.org","@graph":[{"@type":"WebPage","@id":"https:\/\/www.circolosubacqueitorino.it\/?page_id=1770","url":"https:\/\/www.circolosubacqueitorino.it\/?page_id=1770","name":"Corsi Sub SSI | Torino","isPartOf":{"@id":"https:\/\/www.circolosubacqueitorino.it\/#website"},"primaryImageOfPage":{"@id":"https:\/\/www.circolosubacqueitorino.it\/?page_id=1770#primaryimage"},"image":{"@id":"https:\/\/www.circolosubacqueitorino.it\/?page_id=1770#primaryimage"},"thumbnailUrl":"https:\/\/www.circolosubacqueitorino.it\/wp-content\/uploads\/2022\/07\/Progetto-senza-titolo-14.png","datePublished":"2022-05-19T11:54:12+00:00","dateModified":"2024-06-26T09:40:49+00:00","description":"Corsi Sub SSI a Torino, contattaci per una prova gratuita! I corsi si svolgeranno alla Piscina monumentale di Torino","breadcrumb":{"@id":"https:\/\/www.circolosubacqueitorino.it\/?page_id=1770#breadcrumb"},"inLanguage":"it-IT","potentialAction":[{"@type":"ReadAction","target":["https:\/\/www.circolosubacqueitorino.it\/?page_id=1770"]}]},{"@type":"ImageObject","inLanguage":"it-IT","@id":"https:\/\/www.circolosubacqueitorino.it\/?page_id=1770#primaryimage","url":"https:\/\/www.circolosubacqueitorino.it\/wp-content\/uploads\/2022\/07\/Progetto-senza-titolo-14.png","contentUrl":"https:\/\/www.circolosubacqueitorino.it\/wp-content\/uploads\/2022\/07\/Progetto-senza-titolo-14.png","width":729,"height":1024},{"@type":"BreadcrumbList","@id":"https:\/\/www.circolosubacqueitorino.it\/?page_id=1770#breadcrumb","itemListElement":[{"@type":"ListItem","position":1,"name":"Home","item":"https:\/\/www.circolosubacqueitorino.it\/"},{"@type":"ListItem","position":2,"name":"SSI"}]},{"@type":"WebSite","@id":"https:\/\/www.circolosubacqueitorino.it\/#website","url":"https:\/\/www.circolosubacqueitorino.it\/","name":"CST","description":"SUB TORINO","publisher":{"@id":"https:\/\/www.circolosubacqueitorino.it\/#organization"},"potentialAction":[{"@type":"SearchAction","target":{"@type":"EntryPoint","urlTemplate":"https:\/\/www.circolosubacqueitorino.it\/?s={search_term_string}"},"query-input":{"@type":"PropertyValueSpecification","valueRequired":true,"valueName":"search_term_string"}}],"inLanguage":"it-IT"},{"@type":"Organization","@id":"https:\/\/www.circolosubacqueitorino.it\/#organization","name":"Circolo Subacquei Torino","url":"https:\/\/www.circolosubacqueitorino.it\/","logo":{"@type":"ImageObject","inLanguage":"it-IT","@id":"https:\/\/www.circolosubacqueitorino.it\/#\/schema\/logo\/image\/","url":"https:\/\/www.circolosubacqueitorino.it\/wp-content\/uploads\/2022\/05\/cst.jpg","contentUrl":"https:\/\/www.circolosubacqueitorino.it\/wp-content\/uploads\/2022\/05\/cst.jpg","width":150,"height":183,"caption":"Circolo Subacquei Torino"},"image":{"@id":"https:\/\/www.circolosubacqueitorino.it\/#\/schema\/logo\/image\/"}}]}},"_links":{"self":[{"href":"https:\/\/www.circolosubacqueitorino.it\/index.php?rest_route=\/wp\/v2\/pages\/1770","targetHints":{"allow":["GET"]}}],"collection":[{"href":"https:\/\/www.circolosubacqueitorino.it\/index.php?rest_route=\/wp\/v2\/pages"}],"about":[{"href":"https:\/\/www.circolosubacqueitorino.it\/index.php?rest_route=\/wp\/v2\/types\/page"}],"author":[{"embeddable":true,"href":"https:\/\/www.circolosubacqueitorino.it\/index.php?rest_route=\/wp\/v2\/users\/1"}],"replies":[{"embeddable":true,"href":"https:\/\/www.circolosubacqueitorino.it\/index.php?rest_route=%2Fwp%2Fv2%2Fcomments&post=1770"}],"version-history":[{"count":17,"href":"https:\/\/www.circolosubacqueitorino.it\/index.php?rest_route=\/wp\/v2\/pages\/1770\/revisions"}],"predecessor-version":[{"id":2351,"href":"https:\/\/www.circolosubacqueitorino.it\/index.php?rest_route=\/wp\/v2\/pages\/1770\/revisions\/2351"}],"wp:attachment":[{"href":"https:\/\/www.circolosubacqueitorino.it\/index.php?rest_route=%2Fwp%2Fv2%2Fmedia&parent=1770"}],"curies":[{"name":"wp","href":"https:\/\/api.w.org\/{rel}","templated":true}]}}